{"id":6,"date":"2023-09-20T12:41:45","date_gmt":"2023-09-20T12:41:45","guid":{"rendered":"https:\/\/6233107.techinfo-cstj.ca\/?page_id=6"},"modified":"2023-09-20T12:41:45","modified_gmt":"2023-09-20T12:41:45","slug":"overcooked","status":"publish","type":"page","link":"https:\/\/6233107.techinfo-cstj.ca\/index.php\/overcooked\/","title":{"rendered":"Overcooked !"},"content":{"rendered":"\n<figure class=\"wp-block-image size-large\"><img loading=\"lazy\" decoding=\"async\" width=\"1024\" height=\"576\" src=\"https:\/\/6233107.techinfo-cstj.ca\/wp-content\/uploads\/2023\/09\/overcooked2-rotate-1024x576.jpg\" alt=\"\" class=\"wp-image-8\" srcset=\"https:\/\/6233107.techinfo-cstj.ca\/wp-content\/uploads\/2023\/09\/overcooked2-rotate-1024x576.jpg 1024w, https:\/\/6233107.techinfo-cstj.ca\/wp-content\/uploads\/2023\/09\/overcooked2-rotate-300x169.jpg 300w, https:\/\/6233107.techinfo-cstj.ca\/wp-content\/uploads\/2023\/09\/overcooked2-rotate-768x432.jpg 768w, https:\/\/6233107.techinfo-cstj.ca\/wp-content\/uploads\/2023\/09\/overcooked2-rotate.jpg 1200w\" sizes=\"auto, (max-width: 1024px) 100vw, 1024px\" \/><\/figure>\n\n\n<p>Le jeu Ovecooked est un jeu principalement coop\u00e9ratif o\u00f9 le but est de cuisiner le maximum de plats et de servir ces derniers dans un temps donn\u00e9. Ce jeu est particuli\u00e8rement fun car le niveau de comp\u00e9tence requis pour y jouer est tr\u00e8s bas, et que peu importe le niveau de comp\u00e9tence des utilisateurs, le gameplay sera in\u00e9vitablement chaotique et un acensseur \u00e9motionnel. De plus,\u00a0 les diff\u00e9rents niveaux aporte tous un \u00e9l\u00e9ments in teressant avec leurs m\u00e9caniques de gameplay uniques tels que, mettre les joueurs sur un radeau constament en mouvement, rendre certaines zones du niveau inacsessible pour un certain temps, faire cuisiner les joueur dans l&#8217;Antartique, l&#8217;espace, une rivi\u00e8re \u00e0 haut d\u00e9bit ou m\u00eame le coeur d&#8217;un volcan. Ce jeu est palpitant ! <\/p>","protected":false},"excerpt":{"rendered":"<p>Le jeu Ovecooked est un jeu principalement coop\u00e9ratif o\u00f9 le but est de cuisiner le maximum de plats et de servir ces derniers dans un temps donn\u00e9. Ce jeu est particuli\u00e8rement fun car le niveau de comp\u00e9tence requis pour y jouer est tr\u00e8s bas, et que peu importe le niveau de comp\u00e9tence des utilisateurs, le [&hellip;]<\/p>\n","protected":false},"author":1,"featured_media":0,"parent":0,"menu_order":0,"comment_status":"closed","ping_status":"closed","template":"","meta":{"footnotes":""},"class_list":["post-6","page","type-page","status-publish","hentry"],"_links":{"self":[{"href":"https:\/\/6233107.techinfo-cstj.ca\/index.php\/wp-json\/wp\/v2\/pages\/6","targetHints":{"allow":["GET"]}}],"collection":[{"href":"https:\/\/6233107.techinfo-cstj.ca\/index.php\/wp-json\/wp\/v2\/pages"}],"about":[{"href":"https:\/\/6233107.techinfo-cstj.ca\/index.php\/wp-json\/wp\/v2\/types\/page"}],"author":[{"embeddable":true,"href":"https:\/\/6233107.techinfo-cstj.ca\/index.php\/wp-json\/wp\/v2\/users\/1"}],"replies":[{"embeddable":true,"href":"https:\/\/6233107.techinfo-cstj.ca\/index.php\/wp-json\/wp\/v2\/comments?post=6"}],"version-history":[{"count":1,"href":"https:\/\/6233107.techinfo-cstj.ca\/index.php\/wp-json\/wp\/v2\/pages\/6\/revisions"}],"predecessor-version":[{"id":9,"href":"https:\/\/6233107.techinfo-cstj.ca\/index.php\/wp-json\/wp\/v2\/pages\/6\/revisions\/9"}],"wp:attachment":[{"href":"https:\/\/6233107.techinfo-cstj.ca\/index.php\/wp-json\/wp\/v2\/media?parent=6"}],"curies":[{"name":"wp","href":"https:\/\/api.w.org\/{rel}","templated":true}]}}